{"id":29697,"date":"2025-06-16T12:38:11","date_gmt":"2025-06-16T12:38:11","guid":{"rendered":"https:\/\/prospanarabia.com\/references\/"},"modified":"2025-08-31T11:51:01","modified_gmt":"2025-08-31T11:51:01","slug":"referencesa","status":"publish","type":"page","link":"https:\/\/prospanarabia.com\/fr\/referencesa\/","title":{"rendered":"R\u00e9f\u00e9rencesa"},"content":{"rendered":"\t\t<div data-elementor-type=\"wp-page\" data-elementor-id=\"29697\" class=\"elementor elementor-29697 elementor-24025\">\n\t\t\t\t<div class=\"elementor-element elementor-element-d8d7922 e-flex e-con-boxed e-con e-parent\" data-id=\"d8d7922\" data-element_type=\"container\" data-e-type=\"container\">\n\t\t\t\t\t<div class=\"e-con-inner\">\n\t\t\t\t<div class=\"elementor-element elementor-element-ab1c5e5 elementor-widget elementor-widget-spacer\" data-id=\"ab1c5e5\" data-element_type=\"widget\" data-e-type=\"widget\" data-widget_type=\"spacer.default\">\n\t\t\t\t<div class=\"elementor-widget-container\">\n\t\t\t\t\t\t\t<div class=\"elementor-spacer\">\n\t\t\t<div class=\"elementor-spacer-inner\"><\/div>\n\t\t<\/div>\n\t\t\t\t\t\t<\/div>\n\t\t\t\t<\/div>\n\t\t<div class=\"elementor-element elementor-element-f751fd0 e-flex e-con-boxed e-con e-child\" data-id=\"f751fd0\" data-element_type=\"container\" data-e-type=\"container\" data-settings=\"{&quot;background_background&quot;:&quot;classic&quot;}\">\n\t\t\t\t\t<div class=\"e-con-inner\">\n\t\t\t\t<div class=\"elementor-element elementor-element-be7b9a2 elementor-widget elementor-widget-heading\" data-id=\"be7b9a2\" data-element_type=\"widget\" data-e-type=\"widget\" data-widget_type=\"heading.default\">\n\t\t\t\t<div class=\"elementor-widget-container\">\n\t\t\t\t\t<h2 class=\"elementor-heading-title elementor-size-default\">R\u00e9f\u00e9rencesa<\/h2>\t\t\t\t<\/div>\n\t\t\t\t<\/div>\n\t\t\t\t<div class=\"elementor-element elementor-element-4493609 e-transform elementor-widget-divider--view-line elementor-widget elementor-widget-divider\" data-id=\"4493609\" data-element_type=\"widget\" data-e-type=\"widget\" data-settings=\"{&quot;_transform_skewX_effect&quot;:{&quot;unit&quot;:&quot;px&quot;,&quot;size&quot;:-24,&quot;sizes&quot;:[]},&quot;_transform_skewX_effect_tablet&quot;:{&quot;unit&quot;:&quot;deg&quot;,&quot;size&quot;:&quot;&quot;,&quot;sizes&quot;:[]},&quot;_transform_skewX_effect_mobile&quot;:{&quot;unit&quot;:&quot;deg&quot;,&quot;size&quot;:&quot;&quot;,&quot;sizes&quot;:[]},&quot;_transform_skewY_effect&quot;:{&quot;unit&quot;:&quot;px&quot;,&quot;size&quot;:&quot;&quot;,&quot;sizes&quot;:[]},&quot;_transform_skewY_effect_tablet&quot;:{&quot;unit&quot;:&quot;deg&quot;,&quot;size&quot;:&quot;&quot;,&quot;sizes&quot;:[]},&quot;_transform_skewY_effect_mobile&quot;:{&quot;unit&quot;:&quot;deg&quot;,&quot;size&quot;:&quot;&quot;,&quot;sizes&quot;:[]}}\" data-widget_type=\"divider.default\">\n\t\t\t\t<div class=\"elementor-widget-container\">\n\t\t\t\t\t\t\t<div class=\"elementor-divider\">\n\t\t\t<span class=\"elementor-divider-separator\">\n\t\t\t\t\t\t<\/span>\n\t\t<\/div>\n\t\t\t\t\t\t<\/div>\n\t\t\t\t<\/div>\n\t\t\t\t\t<\/div>\n\t\t\t\t<\/div>\n\t\t\t\t\t<\/div>\n\t\t\t\t<\/div>\n\t\t<div class=\"elementor-element elementor-element-a19592f e-con-full e-flex e-con e-parent\" data-id=\"a19592f\" data-element_type=\"container\" data-e-type=\"container\">\n\t\t\t\t<div class=\"elementor-element elementor-element-8490be3 color-scheme-inherit text-left elementor-widget elementor-widget-text-editor\" data-id=\"8490be3\" data-element_type=\"widget\" data-e-type=\"widget\" data-widget_type=\"text-editor.default\">\n\t\t\t\t<div class=\"elementor-widget-container\">\n\t\t\t\t\t\t\t\t\t<h3><span style=\"color: #004493;\"><strong>R\u00e9f\u00e9rencesa<\/strong><\/span><\/h3><p>1.Kardos, P. et al., Guideline of the German Society of Pneumology and Respiratory Medicine for the diagnosis and treatment of adult patients with cough. Pneumologie 2019, 73: 143\u2013180.<\/p><p>2.Cough market worldwide (IQVIA Global OTC Insights, R5C Expectorants, excluding combinations with antitussives + O1A3 Dry cough products + O1A4 Expectorants + O1A5 Dry cough and expectorant products, sales, data as of MAT 12\/2021).<\/p>\t\t\t\t\t\t\t\t<\/div>\n\t\t\t\t<\/div>\n\t\t\t\t<\/div>\n\t\t\t\t<\/div>\n\t\t","protected":false},"excerpt":{"rendered":"<p>R\u00e9f\u00e9rencesa R\u00e9f\u00e9rencesa 1.Kardos, P. et al., Guideline of the German Society of Pneumology and Respiratory Medicine for the diagnosis and<\/p>\n","protected":false},"author":1,"featured_media":0,"parent":0,"menu_order":0,"comment_status":"closed","ping_status":"closed","template":"","meta":{"footnotes":""},"class_list":["post-29697","page","type-page","status-publish","hentry"],"yoast_head":"<!-- This site is optimized with the Yoast SEO plugin v26.5 - https:\/\/yoast.com\/wordpress\/plugins\/seo\/ -->\n<title>R\u00e9f\u00e9rencesa - prospanarabia.com<\/title>\n<meta name=\"robots\" content=\"index, follow, max-snippet:-1, max-image-preview:large, max-video-preview:-1\" \/>\n<link rel=\"canonical\" href=\"https:\/\/prospanarabia.com\/fr\/referencesa\/\" \/>\n<meta property=\"og:locale\" content=\"fr_FR\" \/>\n<meta property=\"og:type\" content=\"article\" \/>\n<meta property=\"og:title\" content=\"R\u00e9f\u00e9rencesa - prospanarabia.com\" \/>\n<meta property=\"og:description\" content=\"R\u00e9f\u00e9rencesa R\u00e9f\u00e9rencesa 1.Kardos, P. et al., Guideline of the German Society of Pneumology and Respiratory Medicine for the diagnosis and\" \/>\n<meta property=\"og:url\" content=\"https:\/\/prospanarabia.com\/fr\/referencesa\/\" \/>\n<meta property=\"og:site_name\" content=\"prospanarabia.com\" \/>\n<meta property=\"article:publisher\" content=\"https:\/\/www.facebook.com\/prospanarabia\" \/>\n<meta property=\"article:modified_time\" content=\"2025-08-31T11:51:01+00:00\" \/>\n<meta name=\"twitter:card\" content=\"summary_large_image\" \/>\n<meta name=\"twitter:label1\" content=\"Dur\u00e9e de lecture estim\u00e9e\" \/>\n\t<meta name=\"twitter:data1\" content=\"1 minute\" \/>\n<script type=\"application\/ld+json\" class=\"yoast-schema-graph\">{\"@context\":\"https:\/\/schema.org\",\"@graph\":[{\"@type\":\"WebPage\",\"@id\":\"https:\/\/prospanarabia.com\/fr\/referencesa\/\",\"url\":\"https:\/\/prospanarabia.com\/fr\/referencesa\/\",\"name\":\"R\u00e9f\u00e9rencesa - prospanarabia.com\",\"isPartOf\":{\"@id\":\"https:\/\/engelhard.tempurl.host\/#website\"},\"datePublished\":\"2025-06-16T12:38:11+00:00\",\"dateModified\":\"2025-08-31T11:51:01+00:00\",\"breadcrumb\":{\"@id\":\"https:\/\/prospanarabia.com\/fr\/referencesa\/#breadcrumb\"},\"inLanguage\":\"fr-FR\",\"potentialAction\":[{\"@type\":\"ReadAction\",\"target\":[\"https:\/\/prospanarabia.com\/fr\/referencesa\/\"]}]},{\"@type\":\"BreadcrumbList\",\"@id\":\"https:\/\/prospanarabia.com\/fr\/referencesa\/#breadcrumb\",\"itemListElement\":[{\"@type\":\"ListItem\",\"position\":1,\"name\":\"Home\",\"item\":\"https:\/\/prospanarabia.com\/ku\/\"},{\"@type\":\"ListItem\",\"position\":2,\"name\":\"R\u00e9f\u00e9rencesa\"}]},{\"@type\":\"WebSite\",\"@id\":\"https:\/\/engelhard.tempurl.host\/#website\",\"url\":\"https:\/\/engelhard.tempurl.host\/\",\"name\":\"prospanarabia.com\",\"description\":\"\",\"publisher\":{\"@id\":\"https:\/\/engelhard.tempurl.host\/#organization\"},\"potentialAction\":[{\"@type\":\"SearchAction\",\"target\":{\"@type\":\"EntryPoint\",\"urlTemplate\":\"https:\/\/engelhard.tempurl.host\/?s={search_term_string}\"},\"query-input\":{\"@type\":\"PropertyValueSpecification\",\"valueRequired\":true,\"valueName\":\"search_term_string\"}}],\"inLanguage\":\"fr-FR\"},{\"@type\":\"Organization\",\"@id\":\"https:\/\/engelhard.tempurl.host\/#organization\",\"name\":\"prospan\",\"url\":\"https:\/\/engelhard.tempurl.host\/\",\"logo\":{\"@type\":\"ImageObject\",\"inLanguage\":\"fr-FR\",\"@id\":\"https:\/\/engelhard.tempurl.host\/#\/schema\/logo\/image\/\",\"url\":\"https:\/\/prospanarabia.com\/wp-content\/uploads\/2025\/07\/091-logo.png\",\"contentUrl\":\"https:\/\/prospanarabia.com\/wp-content\/uploads\/2025\/07\/091-logo.png\",\"width\":191,\"height\":53,\"caption\":\"prospan\"},\"image\":{\"@id\":\"https:\/\/engelhard.tempurl.host\/#\/schema\/logo\/image\/\"},\"sameAs\":[\"https:\/\/www.facebook.com\/prospanarabia\",\"https:\/\/www.instagram.com\/accounts\/login\/?next=prospanarabia&source=omni_redirect\",\"https:\/\/www.youtube.com\/@ProspanArabia\"]}]}<\/script>\n<!-- \/ Yoast SEO plugin. -->","yoast_head_json":{"title":"R\u00e9f\u00e9rencesa - prospanarabia.com","robots":{"index":"index","follow":"follow","max-snippet":"max-snippet:-1","max-image-preview":"max-image-preview:large","max-video-preview":"max-video-preview:-1"},"canonical":"https:\/\/prospanarabia.com\/fr\/referencesa\/","og_locale":"fr_FR","og_type":"article","og_title":"R\u00e9f\u00e9rencesa - prospanarabia.com","og_description":"R\u00e9f\u00e9rencesa R\u00e9f\u00e9rencesa 1.Kardos, P. et al., Guideline of the German Society of Pneumology and Respiratory Medicine for the diagnosis and","og_url":"https:\/\/prospanarabia.com\/fr\/referencesa\/","og_site_name":"prospanarabia.com","article_publisher":"https:\/\/www.facebook.com\/prospanarabia","article_modified_time":"2025-08-31T11:51:01+00:00","twitter_card":"summary_large_image","twitter_misc":{"Dur\u00e9e de lecture estim\u00e9e":"1 minute"},"schema":{"@context":"https:\/\/schema.org","@graph":[{"@type":"WebPage","@id":"https:\/\/prospanarabia.com\/fr\/referencesa\/","url":"https:\/\/prospanarabia.com\/fr\/referencesa\/","name":"R\u00e9f\u00e9rencesa - prospanarabia.com","isPartOf":{"@id":"https:\/\/engelhard.tempurl.host\/#website"},"datePublished":"2025-06-16T12:38:11+00:00","dateModified":"2025-08-31T11:51:01+00:00","breadcrumb":{"@id":"https:\/\/prospanarabia.com\/fr\/referencesa\/#breadcrumb"},"inLanguage":"fr-FR","potentialAction":[{"@type":"ReadAction","target":["https:\/\/prospanarabia.com\/fr\/referencesa\/"]}]},{"@type":"BreadcrumbList","@id":"https:\/\/prospanarabia.com\/fr\/referencesa\/#breadcrumb","itemListElement":[{"@type":"ListItem","position":1,"name":"Home","item":"https:\/\/prospanarabia.com\/ku\/"},{"@type":"ListItem","position":2,"name":"R\u00e9f\u00e9rencesa"}]},{"@type":"WebSite","@id":"https:\/\/engelhard.tempurl.host\/#website","url":"https:\/\/engelhard.tempurl.host\/","name":"prospanarabia.com","description":"","publisher":{"@id":"https:\/\/engelhard.tempurl.host\/#organization"},"potentialAction":[{"@type":"SearchAction","target":{"@type":"EntryPoint","urlTemplate":"https:\/\/engelhard.tempurl.host\/?s={search_term_string}"},"query-input":{"@type":"PropertyValueSpecification","valueRequired":true,"valueName":"search_term_string"}}],"inLanguage":"fr-FR"},{"@type":"Organization","@id":"https:\/\/engelhard.tempurl.host\/#organization","name":"prospan","url":"https:\/\/engelhard.tempurl.host\/","logo":{"@type":"ImageObject","inLanguage":"fr-FR","@id":"https:\/\/engelhard.tempurl.host\/#\/schema\/logo\/image\/","url":"https:\/\/prospanarabia.com\/wp-content\/uploads\/2025\/07\/091-logo.png","contentUrl":"https:\/\/prospanarabia.com\/wp-content\/uploads\/2025\/07\/091-logo.png","width":191,"height":53,"caption":"prospan"},"image":{"@id":"https:\/\/engelhard.tempurl.host\/#\/schema\/logo\/image\/"},"sameAs":["https:\/\/www.facebook.com\/prospanarabia","https:\/\/www.instagram.com\/accounts\/login\/?next=prospanarabia&source=omni_redirect","https:\/\/www.youtube.com\/@ProspanArabia"]}]}},"acf":[],"_links":{"self":[{"href":"https:\/\/prospanarabia.com\/fr\/wp-json\/wp\/v2\/pages\/29697","targetHints":{"allow":["GET"]}}],"collection":[{"href":"https:\/\/prospanarabia.com\/fr\/wp-json\/wp\/v2\/pages"}],"about":[{"href":"https:\/\/prospanarabia.com\/fr\/wp-json\/wp\/v2\/types\/page"}],"author":[{"embeddable":true,"href":"https:\/\/prospanarabia.com\/fr\/wp-json\/wp\/v2\/users\/1"}],"replies":[{"embeddable":true,"href":"https:\/\/prospanarabia.com\/fr\/wp-json\/wp\/v2\/comments?post=29697"}],"version-history":[{"count":0,"href":"https:\/\/prospanarabia.com\/fr\/wp-json\/wp\/v2\/pages\/29697\/revisions"}],"wp:attachment":[{"href":"https:\/\/prospanarabia.com\/fr\/wp-json\/wp\/v2\/media?parent=29697"}],"curies":[{"name":"wp","href":"https:\/\/api.w.org\/{rel}","templated":true}]}}