{"id":29692,"date":"2025-06-29T06:52:37","date_gmt":"2025-06-29T06:52:37","guid":{"rendered":"https:\/\/prospanarabia.com\/hear-from-the-expert-dr-mohamad-mahdi\/"},"modified":"2025-08-31T11:46:17","modified_gmt":"2025-08-31T11:46:17","slug":"hear-from-the-expert-dr-mohamad-mahdi-fr","status":"publish","type":"page","link":"https:\/\/prospanarabia.com\/fr\/hear-from-the-expert-dr-mohamad-mahdi-fr\/","title":{"rendered":"Hear from the Expert -Dr. Mohamad Mahdi"},"content":{"rendered":"\t\t<div data-elementor-type=\"wp-page\" data-elementor-id=\"29692\" class=\"elementor elementor-29692 elementor-24623\">\n\t\t\t\t\t\t<section class=\"elementor-section elementor-top-section elementor-element elementor-element-38c8287 elementor-section-stretched elementor-section-boxed elementor-section-height-default elementor-section-height-default\" data-id=\"38c8287\" data-element_type=\"section\" data-e-type=\"section\" data-settings=\"{&quot;background_background&quot;:&quot;classic&quot;,&quot;stretch_section&quot;:&quot;section-stretched&quot;}\">\n\t\t\t\t\t\t<div class=\"elementor-container elementor-column-gap-wide\">\n\t\t\t\t\t<div class=\"elementor-column elementor-col-100 elementor-top-column elementor-element elementor-element-00e12be\" data-id=\"00e12be\" data-element_type=\"column\" data-e-type=\"column\">\n\t\t\t<div class=\"elementor-widget-wrap elementor-element-populated\">\n\t\t\t\t\t\t<div class=\"elementor-element elementor-element-6863b2a elementor-widget elementor-widget-spacer\" data-id=\"6863b2a\" data-element_type=\"widget\" data-e-type=\"widget\" data-widget_type=\"spacer.default\">\n\t\t\t\t<div class=\"elementor-widget-container\">\n\t\t\t\t\t\t\t<div class=\"elementor-spacer\">\n\t\t\t<div class=\"elementor-spacer-inner\"><\/div>\n\t\t<\/div>\n\t\t\t\t\t\t<\/div>\n\t\t\t\t<\/div>\n\t\t\t\t<div class=\"elementor-element elementor-element-00d9a0d elementor-widget elementor-widget-heading\" data-id=\"00d9a0d\" data-element_type=\"widget\" data-e-type=\"widget\" data-widget_type=\"heading.default\">\n\t\t\t\t<div class=\"elementor-widget-container\">\n\t\t\t\t\t<h2 class=\"elementor-heading-title elementor-size-default\">Hear from the Expert<\/h2>\t\t\t\t<\/div>\n\t\t\t\t<\/div>\n\t\t\t\t<div class=\"elementor-element elementor-element-a0dd399 e-transform elementor-widget-divider--view-line elementor-widget elementor-widget-divider\" data-id=\"a0dd399\" data-element_type=\"widget\" data-e-type=\"widget\" data-settings=\"{&quot;_transform_skewX_effect&quot;:{&quot;unit&quot;:&quot;px&quot;,&quot;size&quot;:-24,&quot;sizes&quot;:[]},&quot;_transform_skewX_effect_tablet&quot;:{&quot;unit&quot;:&quot;deg&quot;,&quot;size&quot;:&quot;&quot;,&quot;sizes&quot;:[]},&quot;_transform_skewX_effect_mobile&quot;:{&quot;unit&quot;:&quot;deg&quot;,&quot;size&quot;:&quot;&quot;,&quot;sizes&quot;:[]},&quot;_transform_skewY_effect&quot;:{&quot;unit&quot;:&quot;px&quot;,&quot;size&quot;:&quot;&quot;,&quot;sizes&quot;:[]},&quot;_transform_skewY_effect_tablet&quot;:{&quot;unit&quot;:&quot;deg&quot;,&quot;size&quot;:&quot;&quot;,&quot;sizes&quot;:[]},&quot;_transform_skewY_effect_mobile&quot;:{&quot;unit&quot;:&quot;deg&quot;,&quot;size&quot;:&quot;&quot;,&quot;sizes&quot;:[]}}\" data-widget_type=\"divider.default\">\n\t\t\t\t<div class=\"elementor-widget-container\">\n\t\t\t\t\t\t\t<div class=\"elementor-divider\">\n\t\t\t<span class=\"elementor-divider-separator\">\n\t\t\t\t\t\t<\/span>\n\t\t<\/div>\n\t\t\t\t\t\t<\/div>\n\t\t\t\t<\/div>\n\t\t\t\t\t<\/div>\n\t\t<\/div>\n\t\t\t\t\t<\/div>\n\t\t<\/section>\n\t\t<div class=\"elementor-element elementor-element-41ce793 e-flex e-con-boxed e-con e-parent\" data-id=\"41ce793\" data-element_type=\"container\" data-e-type=\"container\">\n\t\t\t\t\t<div class=\"e-con-inner\">\n\t\t\t\t<div class=\"elementor-element elementor-element-09faa1c elementor-widget elementor-widget-html\" data-id=\"09faa1c\" data-element_type=\"widget\" data-e-type=\"widget\" data-widget_type=\"html.default\">\n\t\t\t\t<div class=\"elementor-widget-container\">\n\t\t\t\t\t<style>\n.testimonial-inner {\n  position: relative; \/* \u0645\u0647\u0645 \u0644\u0643\u064a \u062a\u0639\u0645\u0644 absolute \u0628\u0634\u0643\u0644 \u0635\u062d\u064a\u062d *\/\n}\n\n.testimonial-rating {\n  position: absolute;\n  top: 0;\n  right: 0;\n  margin-top: 40px;\n  margin-right: 25px\n}\n.testimonial-content footer {\n  order: 0; \n\n}\n.testimonial-content {\n  display: flex;\n  flex-direction: column;\n}\n\n.testimonial-content footer {\n  order: -1; \/* \u064a\u062c\u0639\u0644 \u0627\u0644\u0641\u0648\u062a\u0631 \u064a\u0638\u0647\u0631 \u0623\u0648\u0644 \u0639\u0646\u0635\u0631 \u062f\u0627\u062e\u0644 testimonial-content *\/\n  font-weight: bold;\n  margin-bottom: 10px;\n}\n<\/style>\n<style>\n@media only screen and (min-width: 768px) {\n    #engelhard-Testimonial-image > div > div > div > div > div  >  div > div > div > img {\n            max-width: 200px !important;\n    }\n}\n<\/style>\t\t\t\t<\/div>\n\t\t\t\t<\/div>\n\t\t\t\t\t<\/div>\n\t\t\t\t<\/div>\n\t\t<div class=\"elementor-element elementor-element-da3b9b5 engelhard-Testimonial e-flex e-con-boxed e-con e-parent\" data-id=\"da3b9b5\" data-element_type=\"container\" data-e-type=\"container\" id=\"engelhard-Testimonial-image\">\n\t\t\t\t\t<div class=\"e-con-inner\">\n\t\t\t\t<div class=\"elementor-element elementor-element-ab60af8 elementor-widget elementor-widget-wd_testimonials\" data-id=\"ab60af8\" data-element_type=\"widget\" data-e-type=\"widget\" data-widget_type=\"wd_testimonials.default\">\n\t\t\t\t<div class=\"elementor-widget-container\">\n\t\t\t\t\t\t\t<div class=\"testimonials testimon-style-boxed  color-scheme- testimon-with-rating testimon-align-left\" id=\"carousel-5859\">\n\t\t\t\n\t\t\t<div class=\"wd-grid-g\" style=\"--wd-col-lg:1;--wd-col-md:1;--wd-col-sm:1;--wd-gap-lg:30px;--wd-gap-sm:10px;\" >\n\t\t\t\t\n\t\t\t\t\t\t\t\t\t\n<div class=\"testimonial wd-col\">\n\t<div class=\"testimonial-inner\">\n\t\t\t\t\t<div class=\"testimonial-avatar\">\n\t\t\t\t<img loading=\"lazy\" decoding=\"async\" width=\"150\" height=\"150\" src=\"https:\/\/prospanarabia.com\/wp-content\/uploads\/2025\/06\/image-prosapan-3-150x150.jpg\" class=\"testimonial-avatar-image\" alt=\"\" \/>\t\t\t<\/div>\n\t\t\n\t\t<div class=\"testimonial-content\">\n\t\t\t<div class=\"testimonial-rating\">\n\t\t\t\t<span class=\"star-rating\">\n\t\t\t\t\t<span style=\"width:100%\"><\/span>\n\t\t\t\t<\/span>\n\t\t\t<\/div>\n\n\t\t\t<p>\u00a0P\u00e9diatre<br \/>\u00a0Liban \u2013 Nabatiy\u00e9<\/p>\n<p>Prot\u00e9gez-vous contre la grippe : l\u2019importance de la vaccination. Alors que la saison de la grippe s\u2019intensifie, il est essentiel de vous prot\u00e9ger, ainsi que votre entourage, gr\u00e2ce au vaccin antigrippal. L\u2019infection se transmet facilement par voie a\u00e9rienne, \u00e0 travers les gouttelettes \u00e9mises en toussant ou en \u00e9ternuant. Un porteur du virus peut contaminer d\u2019autres personnes jusqu\u2019\u00e0 quatre jours avant l\u2019apparition des sympt\u00f4mes. Le vaccin est l\u2019un des meilleurs moyens de pr\u00e9vention, couvrant les types A et B de la grippe. Il permet aussi d\u2019\u00e9viter des complications graves telles que la pneumonie, la bronchite, les otites moyennes et les infections des sinus.<\/p>\n<p>Nous recommandons fortement \u00e0 tous les parents de faire vacciner leurs enfants, en particulier ceux de moins d\u2019un an, afin de prot\u00e9ger leur sant\u00e9 et pr\u00e9venir les risques.<\/p>\n\t\t\t<footer>\n\t\t\t\tDr. Mohamad Mahdi\n\t\t\t\t\t\t\t<\/footer>\n\t\t<\/div>\n\t<\/div>\n<\/div>\t\t\t\t\n\t\t\t\t\t\t\t<\/div>\n\t\t\t\t\t<\/div>\n\t\t\t\t\t\t<\/div>\n\t\t\t\t<\/div>\n\t\t\t\t\t<\/div>\n\t\t\t\t<\/div>\n\t\t\t\t<\/div>\n\t\t","protected":false},"excerpt":{"rendered":"<p>Hear from the Expert \u00a0P\u00e9diatre\u00a0Liban \u2013 Nabatiy\u00e9 Prot\u00e9gez-vous contre la grippe : l\u2019importance de la vaccination. Alors que la saison<\/p>\n","protected":false},"author":1,"featured_media":0,"parent":0,"menu_order":0,"comment_status":"closed","ping_status":"closed","template":"","meta":{"footnotes":""},"class_list":["post-29692","page","type-page","status-publish","hentry"],"yoast_head":"<!-- This site is optimized with the Yoast SEO plugin v26.5 - https:\/\/yoast.com\/wordpress\/plugins\/seo\/ -->\n<title>Hear from the Expert -Dr. Mohamad Mahdi - prospanarabia.com<\/title>\n<meta name=\"robots\" content=\"index, follow, max-snippet:-1, max-image-preview:large, max-video-preview:-1\" \/>\n<link rel=\"canonical\" href=\"https:\/\/prospanarabia.com\/fr\/hear-from-the-expert-dr-mohamad-mahdi-fr\/\" \/>\n<meta property=\"og:locale\" content=\"fr_FR\" \/>\n<meta property=\"og:type\" content=\"article\" \/>\n<meta property=\"og:title\" content=\"Hear from the Expert -Dr. Mohamad Mahdi - prospanarabia.com\" \/>\n<meta property=\"og:description\" content=\"Hear from the Expert \u00a0P\u00e9diatre\u00a0Liban \u2013 Nabatiy\u00e9 Prot\u00e9gez-vous contre la grippe : l\u2019importance de la vaccination. Alors que la saison\" \/>\n<meta property=\"og:url\" content=\"https:\/\/prospanarabia.com\/fr\/hear-from-the-expert-dr-mohamad-mahdi-fr\/\" \/>\n<meta property=\"og:site_name\" content=\"prospanarabia.com\" \/>\n<meta property=\"article:publisher\" content=\"https:\/\/www.facebook.com\/prospanarabia\" \/>\n<meta property=\"article:modified_time\" content=\"2025-08-31T11:46:17+00:00\" \/>\n<meta property=\"og:image\" content=\"https:\/\/prospanarabia.com\/wp-content\/uploads\/2025\/06\/image-prosapan-3-150x150.jpg\" \/>\n<meta name=\"twitter:card\" content=\"summary_large_image\" \/>\n<meta name=\"twitter:label1\" content=\"Dur\u00e9e de lecture estim\u00e9e\" \/>\n\t<meta name=\"twitter:data1\" content=\"1 minute\" \/>\n<script type=\"application\/ld+json\" class=\"yoast-schema-graph\">{\"@context\":\"https:\/\/schema.org\",\"@graph\":[{\"@type\":\"WebPage\",\"@id\":\"https:\/\/prospanarabia.com\/fr\/hear-from-the-expert-dr-mohamad-mahdi-fr\/\",\"url\":\"https:\/\/prospanarabia.com\/fr\/hear-from-the-expert-dr-mohamad-mahdi-fr\/\",\"name\":\"Hear from the Expert -Dr. Mohamad Mahdi - prospanarabia.com\",\"isPartOf\":{\"@id\":\"https:\/\/engelhard.tempurl.host\/#website\"},\"primaryImageOfPage\":{\"@id\":\"https:\/\/prospanarabia.com\/fr\/hear-from-the-expert-dr-mohamad-mahdi-fr\/#primaryimage\"},\"image\":{\"@id\":\"https:\/\/prospanarabia.com\/fr\/hear-from-the-expert-dr-mohamad-mahdi-fr\/#primaryimage\"},\"thumbnailUrl\":\"https:\/\/prospanarabia.com\/wp-content\/uploads\/2025\/06\/image-prosapan-3-150x150.jpg\",\"datePublished\":\"2025-06-29T06:52:37+00:00\",\"dateModified\":\"2025-08-31T11:46:17+00:00\",\"breadcrumb\":{\"@id\":\"https:\/\/prospanarabia.com\/fr\/hear-from-the-expert-dr-mohamad-mahdi-fr\/#breadcrumb\"},\"inLanguage\":\"fr-FR\",\"potentialAction\":[{\"@type\":\"ReadAction\",\"target\":[\"https:\/\/prospanarabia.com\/fr\/hear-from-the-expert-dr-mohamad-mahdi-fr\/\"]}]},{\"@type\":\"ImageObject\",\"inLanguage\":\"fr-FR\",\"@id\":\"https:\/\/prospanarabia.com\/fr\/hear-from-the-expert-dr-mohamad-mahdi-fr\/#primaryimage\",\"url\":\"https:\/\/prospanarabia.com\/wp-content\/uploads\/2025\/06\/image-prosapan-3-150x150.jpg\",\"contentUrl\":\"https:\/\/prospanarabia.com\/wp-content\/uploads\/2025\/06\/image-prosapan-3-150x150.jpg\"},{\"@type\":\"BreadcrumbList\",\"@id\":\"https:\/\/prospanarabia.com\/fr\/hear-from-the-expert-dr-mohamad-mahdi-fr\/#breadcrumb\",\"itemListElement\":[{\"@type\":\"ListItem\",\"position\":1,\"name\":\"Home\",\"item\":\"https:\/\/prospanarabia.com\/ku\/\"},{\"@type\":\"ListItem\",\"position\":2,\"name\":\"Hear from the Expert -Dr. Mohamad Mahdi\"}]},{\"@type\":\"WebSite\",\"@id\":\"https:\/\/engelhard.tempurl.host\/#website\",\"url\":\"https:\/\/engelhard.tempurl.host\/\",\"name\":\"prospanarabia.com\",\"description\":\"\",\"publisher\":{\"@id\":\"https:\/\/engelhard.tempurl.host\/#organization\"},\"potentialAction\":[{\"@type\":\"SearchAction\",\"target\":{\"@type\":\"EntryPoint\",\"urlTemplate\":\"https:\/\/engelhard.tempurl.host\/?s={search_term_string}\"},\"query-input\":{\"@type\":\"PropertyValueSpecification\",\"valueRequired\":true,\"valueName\":\"search_term_string\"}}],\"inLanguage\":\"fr-FR\"},{\"@type\":\"Organization\",\"@id\":\"https:\/\/engelhard.tempurl.host\/#organization\",\"name\":\"prospan\",\"url\":\"https:\/\/engelhard.tempurl.host\/\",\"logo\":{\"@type\":\"ImageObject\",\"inLanguage\":\"fr-FR\",\"@id\":\"https:\/\/engelhard.tempurl.host\/#\/schema\/logo\/image\/\",\"url\":\"https:\/\/prospanarabia.com\/wp-content\/uploads\/2025\/07\/091-logo.png\",\"contentUrl\":\"https:\/\/prospanarabia.com\/wp-content\/uploads\/2025\/07\/091-logo.png\",\"width\":191,\"height\":53,\"caption\":\"prospan\"},\"image\":{\"@id\":\"https:\/\/engelhard.tempurl.host\/#\/schema\/logo\/image\/\"},\"sameAs\":[\"https:\/\/www.facebook.com\/prospanarabia\",\"https:\/\/www.instagram.com\/accounts\/login\/?next=prospanarabia&source=omni_redirect\",\"https:\/\/www.youtube.com\/@ProspanArabia\"]}]}<\/script>\n<!-- \/ Yoast SEO plugin. -->","yoast_head_json":{"title":"Hear from the Expert -Dr. Mohamad Mahdi - prospanarabia.com","robots":{"index":"index","follow":"follow","max-snippet":"max-snippet:-1","max-image-preview":"max-image-preview:large","max-video-preview":"max-video-preview:-1"},"canonical":"https:\/\/prospanarabia.com\/fr\/hear-from-the-expert-dr-mohamad-mahdi-fr\/","og_locale":"fr_FR","og_type":"article","og_title":"Hear from the Expert -Dr. Mohamad Mahdi - prospanarabia.com","og_description":"Hear from the Expert \u00a0P\u00e9diatre\u00a0Liban \u2013 Nabatiy\u00e9 Prot\u00e9gez-vous contre la grippe : l\u2019importance de la vaccination. Alors que la saison","og_url":"https:\/\/prospanarabia.com\/fr\/hear-from-the-expert-dr-mohamad-mahdi-fr\/","og_site_name":"prospanarabia.com","article_publisher":"https:\/\/www.facebook.com\/prospanarabia","article_modified_time":"2025-08-31T11:46:17+00:00","og_image":[{"url":"https:\/\/prospanarabia.com\/wp-content\/uploads\/2025\/06\/image-prosapan-3-150x150.jpg","type":"","width":"","height":""}],"twitter_card":"summary_large_image","twitter_misc":{"Dur\u00e9e de lecture estim\u00e9e":"1 minute"},"schema":{"@context":"https:\/\/schema.org","@graph":[{"@type":"WebPage","@id":"https:\/\/prospanarabia.com\/fr\/hear-from-the-expert-dr-mohamad-mahdi-fr\/","url":"https:\/\/prospanarabia.com\/fr\/hear-from-the-expert-dr-mohamad-mahdi-fr\/","name":"Hear from the Expert -Dr. Mohamad Mahdi - prospanarabia.com","isPartOf":{"@id":"https:\/\/engelhard.tempurl.host\/#website"},"primaryImageOfPage":{"@id":"https:\/\/prospanarabia.com\/fr\/hear-from-the-expert-dr-mohamad-mahdi-fr\/#primaryimage"},"image":{"@id":"https:\/\/prospanarabia.com\/fr\/hear-from-the-expert-dr-mohamad-mahdi-fr\/#primaryimage"},"thumbnailUrl":"https:\/\/prospanarabia.com\/wp-content\/uploads\/2025\/06\/image-prosapan-3-150x150.jpg","datePublished":"2025-06-29T06:52:37+00:00","dateModified":"2025-08-31T11:46:17+00:00","breadcrumb":{"@id":"https:\/\/prospanarabia.com\/fr\/hear-from-the-expert-dr-mohamad-mahdi-fr\/#breadcrumb"},"inLanguage":"fr-FR","potentialAction":[{"@type":"ReadAction","target":["https:\/\/prospanarabia.com\/fr\/hear-from-the-expert-dr-mohamad-mahdi-fr\/"]}]},{"@type":"ImageObject","inLanguage":"fr-FR","@id":"https:\/\/prospanarabia.com\/fr\/hear-from-the-expert-dr-mohamad-mahdi-fr\/#primaryimage","url":"https:\/\/prospanarabia.com\/wp-content\/uploads\/2025\/06\/image-prosapan-3-150x150.jpg","contentUrl":"https:\/\/prospanarabia.com\/wp-content\/uploads\/2025\/06\/image-prosapan-3-150x150.jpg"},{"@type":"BreadcrumbList","@id":"https:\/\/prospanarabia.com\/fr\/hear-from-the-expert-dr-mohamad-mahdi-fr\/#breadcrumb","itemListElement":[{"@type":"ListItem","position":1,"name":"Home","item":"https:\/\/prospanarabia.com\/ku\/"},{"@type":"ListItem","position":2,"name":"Hear from the Expert -Dr. Mohamad Mahdi"}]},{"@type":"WebSite","@id":"https:\/\/engelhard.tempurl.host\/#website","url":"https:\/\/engelhard.tempurl.host\/","name":"prospanarabia.com","description":"","publisher":{"@id":"https:\/\/engelhard.tempurl.host\/#organization"},"potentialAction":[{"@type":"SearchAction","target":{"@type":"EntryPoint","urlTemplate":"https:\/\/engelhard.tempurl.host\/?s={search_term_string}"},"query-input":{"@type":"PropertyValueSpecification","valueRequired":true,"valueName":"search_term_string"}}],"inLanguage":"fr-FR"},{"@type":"Organization","@id":"https:\/\/engelhard.tempurl.host\/#organization","name":"prospan","url":"https:\/\/engelhard.tempurl.host\/","logo":{"@type":"ImageObject","inLanguage":"fr-FR","@id":"https:\/\/engelhard.tempurl.host\/#\/schema\/logo\/image\/","url":"https:\/\/prospanarabia.com\/wp-content\/uploads\/2025\/07\/091-logo.png","contentUrl":"https:\/\/prospanarabia.com\/wp-content\/uploads\/2025\/07\/091-logo.png","width":191,"height":53,"caption":"prospan"},"image":{"@id":"https:\/\/engelhard.tempurl.host\/#\/schema\/logo\/image\/"},"sameAs":["https:\/\/www.facebook.com\/prospanarabia","https:\/\/www.instagram.com\/accounts\/login\/?next=prospanarabia&source=omni_redirect","https:\/\/www.youtube.com\/@ProspanArabia"]}]}},"acf":[],"_links":{"self":[{"href":"https:\/\/prospanarabia.com\/fr\/wp-json\/wp\/v2\/pages\/29692","targetHints":{"allow":["GET"]}}],"collection":[{"href":"https:\/\/prospanarabia.com\/fr\/wp-json\/wp\/v2\/pages"}],"about":[{"href":"https:\/\/prospanarabia.com\/fr\/wp-json\/wp\/v2\/types\/page"}],"author":[{"embeddable":true,"href":"https:\/\/prospanarabia.com\/fr\/wp-json\/wp\/v2\/users\/1"}],"replies":[{"embeddable":true,"href":"https:\/\/prospanarabia.com\/fr\/wp-json\/wp\/v2\/comments?post=29692"}],"version-history":[{"count":0,"href":"https:\/\/prospanarabia.com\/fr\/wp-json\/wp\/v2\/pages\/29692\/revisions"}],"wp:attachment":[{"href":"https:\/\/prospanarabia.com\/fr\/wp-json\/wp\/v2\/media?parent=29692"}],"curies":[{"name":"wp","href":"https:\/\/api.w.org\/{rel}","templated":true}]}}