{"id":27313,"date":"2024-11-05T07:23:59","date_gmt":"2024-11-05T07:23:59","guid":{"rendered":"https:\/\/prospanarabia.com\/about-engelhard\/"},"modified":"2025-09-07T13:51:40","modified_gmt":"2025-09-07T13:51:40","slug":"a-propos-dengelhard","status":"publish","type":"page","link":"https:\/\/prospanarabia.com\/fr\/a-propos-dengelhard\/","title":{"rendered":"\u00c0 propos d\u2019Engelhard"},"content":{"rendered":"\t\t<div data-elementor-type=\"wp-page\" data-elementor-id=\"27313\" class=\"elementor elementor-27313 elementor-18450\">\n\t\t\t\t<div class=\"elementor-element elementor-element-0be0499 e-flex e-con-boxed e-con e-parent\" data-id=\"0be0499\" data-element_type=\"container\" data-e-type=\"container\">\n\t\t\t\t\t<div class=\"e-con-inner\">\n\t\t\t\t<div class=\"elementor-element elementor-element-9d16145 elementor-widget elementor-widget-spacer\" data-id=\"9d16145\" data-element_type=\"widget\" data-e-type=\"widget\" data-widget_type=\"spacer.default\">\n\t\t\t\t<div class=\"elementor-widget-container\">\n\t\t\t\t\t\t\t<div class=\"elementor-spacer\">\n\t\t\t<div class=\"elementor-spacer-inner\"><\/div>\n\t\t<\/div>\n\t\t\t\t\t\t<\/div>\n\t\t\t\t<\/div>\n\t\t<div class=\"elementor-element elementor-element-b0991e0 e-flex e-con-boxed e-con e-child\" data-id=\"b0991e0\" data-element_type=\"container\" data-e-type=\"container\" data-settings=\"{&quot;background_background&quot;:&quot;classic&quot;}\">\n\t\t\t\t\t<div class=\"e-con-inner\">\n\t\t\t\t<div class=\"elementor-element elementor-element-2bc64a4 elementor-widget elementor-widget-heading\" data-id=\"2bc64a4\" data-element_type=\"widget\" data-e-type=\"widget\" data-widget_type=\"heading.default\">\n\t\t\t\t<div class=\"elementor-widget-container\">\n\t\t\t\t\t<h1 class=\"elementor-heading-title elementor-size-default\">\u00c0 propos d\u2019Engelhard<\/h1>\t\t\t\t<\/div>\n\t\t\t\t<\/div>\n\t\t\t\t<div class=\"elementor-element elementor-element-b605e23 e-transform elementor-widget-divider--view-line elementor-widget elementor-widget-divider\" data-id=\"b605e23\" data-element_type=\"widget\" data-e-type=\"widget\" data-settings=\"{&quot;_transform_skewX_effect&quot;:{&quot;unit&quot;:&quot;px&quot;,&quot;size&quot;:-24,&quot;sizes&quot;:[]},&quot;_transform_skewX_effect_tablet&quot;:{&quot;unit&quot;:&quot;deg&quot;,&quot;size&quot;:&quot;&quot;,&quot;sizes&quot;:[]},&quot;_transform_skewX_effect_mobile&quot;:{&quot;unit&quot;:&quot;deg&quot;,&quot;size&quot;:&quot;&quot;,&quot;sizes&quot;:[]},&quot;_transform_skewY_effect&quot;:{&quot;unit&quot;:&quot;px&quot;,&quot;size&quot;:&quot;&quot;,&quot;sizes&quot;:[]},&quot;_transform_skewY_effect_tablet&quot;:{&quot;unit&quot;:&quot;deg&quot;,&quot;size&quot;:&quot;&quot;,&quot;sizes&quot;:[]},&quot;_transform_skewY_effect_mobile&quot;:{&quot;unit&quot;:&quot;deg&quot;,&quot;size&quot;:&quot;&quot;,&quot;sizes&quot;:[]}}\" data-widget_type=\"divider.default\">\n\t\t\t\t<div class=\"elementor-widget-container\">\n\t\t\t\t\t\t\t<div class=\"elementor-divider\">\n\t\t\t<span class=\"elementor-divider-separator\">\n\t\t\t\t\t\t<\/span>\n\t\t<\/div>\n\t\t\t\t\t\t<\/div>\n\t\t\t\t<\/div>\n\t\t\t\t\t<\/div>\n\t\t\t\t<\/div>\n\t\t\t\t\t<\/div>\n\t\t\t\t<\/div>\n\t\t<div class=\"elementor-element elementor-element-2b55be9 e-flex e-con-boxed e-con e-parent\" data-id=\"2b55be9\" data-element_type=\"container\" data-e-type=\"container\">\n\t\t\t\t\t<div class=\"e-con-inner\">\n\t\t<div class=\"elementor-element elementor-element-952d6d7 e-con-full e-flex e-con e-child\" data-id=\"952d6d7\" data-element_type=\"container\" data-e-type=\"container\">\n\t\t\t\t<div class=\"elementor-element elementor-element-f4cccc0 elementor-widget elementor-widget-heading\" data-id=\"f4cccc0\" data-element_type=\"widget\" data-e-type=\"widget\" data-widget_type=\"heading.default\">\n\t\t\t\t<div class=\"elementor-widget-container\">\n\t\t\t\t\t<p class=\"elementor-heading-title elementor-size-default\">Nous aimons ce que nous faisons<\/p>\t\t\t\t<\/div>\n\t\t\t\t<\/div>\n\t\t\t\t<div class=\"elementor-element elementor-element-d9b9ccf color-scheme-inherit text-left elementor-widget elementor-widget-text-editor\" data-id=\"d9b9ccf\" data-element_type=\"widget\" data-e-type=\"widget\" data-widget_type=\"text-editor.default\">\n\t\t\t\t<div class=\"elementor-widget-container\">\n\t\t\t\t\t\t\t\t\t<p>Depuis des g\u00e9n\u00e9rations, notre activit\u00e9 est guid\u00e9e par une passion profonde et sinc\u00e8re.<\/p><p>C\u2019est cette passion qui nous a permis de devenir l\u2019un des leaders dans le domaine des m\u00e9dicaments OTC de marque. Mais ce qui compte le plus pour nous, c\u2019est la confiance que nos patients et partenaires nous accordent. C\u2019est cette confiance qui nous inspire et nous motive \u00e0 aller toujours plus loin chaque jour. C\u2019est aussi la raison pour laquelle nous investissons continuellement dans la recherche et le d\u00e9veloppement de nos marques de sant\u00e9, et pourquoi nous appliquons les normes de qualit\u00e9 les plus strictes \u00e0 nos produits et \u00e0 notre travail.<\/p>\t\t\t\t\t\t\t\t<\/div>\n\t\t\t\t<\/div>\n\t\t\t\t<div class=\"elementor-element elementor-element-5164d9e e-transform prospan-align-Cough  elementor-widget elementor-widget-button\" data-id=\"5164d9e\" data-element_type=\"widget\" data-e-type=\"widget\" data-settings=\"{&quot;_transform_skewX_effect&quot;:{&quot;unit&quot;:&quot;px&quot;,&quot;size&quot;:-27,&quot;sizes&quot;:[]},&quot;_transform_skewX_effect_tablet&quot;:{&quot;unit&quot;:&quot;deg&quot;,&quot;size&quot;:&quot;&quot;,&quot;sizes&quot;:[]},&quot;_transform_skewX_effect_mobile&quot;:{&quot;unit&quot;:&quot;deg&quot;,&quot;size&quot;:&quot;&quot;,&quot;sizes&quot;:[]},&quot;_transform_skewY_effect&quot;:{&quot;unit&quot;:&quot;px&quot;,&quot;size&quot;:&quot;&quot;,&quot;sizes&quot;:[]},&quot;_transform_skewY_effect_tablet&quot;:{&quot;unit&quot;:&quot;deg&quot;,&quot;size&quot;:&quot;&quot;,&quot;sizes&quot;:[]},&quot;_transform_skewY_effect_mobile&quot;:{&quot;unit&quot;:&quot;deg&quot;,&quot;size&quot;:&quot;&quot;,&quot;sizes&quot;:[]}}\" data-widget_type=\"button.default\">\n\t\t\t\t<div class=\"elementor-widget-container\">\n\t\t\t\t\t\t\t\t\t<div class=\"elementor-button-wrapper\">\n\t\t\t\t\t<a class=\"elementor-button elementor-button-link elementor-size-sm\" href=\"https:\/\/www.engelhard.de\/en\/\">\n\t\t\t\t\t\t<span class=\"elementor-button-content-wrapper\">\n\t\t\t\t\t\t\t\t\t<span class=\"elementor-button-text\">En savoir plus<\/span>\n\t\t\t\t\t<\/span>\n\t\t\t\t\t<\/a>\n\t\t\t\t<\/div>\n\t\t\t\t\t\t\t\t<\/div>\n\t\t\t\t<\/div>\n\t\t\t\t<\/div>\n\t\t<div class=\"wd-sticky-container-md-sm elementor-element elementor-element-8a721e6 e-con-full e-flex e-con e-child\" data-id=\"8a721e6\" data-element_type=\"container\" data-e-type=\"container\">\n\t\t\t\t<div class=\"elementor-element elementor-element-1ec8764 elementor-widget elementor-widget-image\" data-id=\"1ec8764\" data-element_type=\"widget\" data-e-type=\"widget\" data-widget_type=\"image.default\">\n\t\t\t\t<div class=\"elementor-widget-container\">\n\t\t\t\t\t\t\t\t\t\t\t\t\t\t\t<img loading=\"lazy\" decoding=\"async\" width=\"1222\" height=\"800\" src=\"https:\/\/prospanarabia.com\/wp-content\/uploads\/2024\/11\/49b96270b2b631e295f3ed8122e57d2d-1222x800.jpg\" class=\"attachment-large size-large wp-image-27314\" alt=\"\" srcset=\"https:\/\/prospanarabia.com\/wp-content\/uploads\/2024\/11\/49b96270b2b631e295f3ed8122e57d2d-1222x800.jpg 1222w, https:\/\/prospanarabia.com\/wp-content\/uploads\/2024\/11\/49b96270b2b631e295f3ed8122e57d2d-400x262.jpg 400w, https:\/\/prospanarabia.com\/wp-content\/uploads\/2024\/11\/49b96270b2b631e295f3ed8122e57d2d-768x503.jpg 768w, https:\/\/prospanarabia.com\/wp-content\/uploads\/2024\/11\/49b96270b2b631e295f3ed8122e57d2d-1536x1006.jpg 1536w, https:\/\/prospanarabia.com\/wp-content\/uploads\/2024\/11\/49b96270b2b631e295f3ed8122e57d2d-2048x1341.jpg 2048w\" sizes=\"auto, (max-width: 1222px) 100vw, 1222px\" \/>\t\t\t\t\t\t\t\t\t\t\t\t\t\t\t<\/div>\n\t\t\t\t<\/div>\n\t\t\t\t<\/div>\n\t\t\t\t\t<\/div>\n\t\t\t\t<\/div>\n\t\t\t\t<\/div>\n\t\t","protected":false},"excerpt":{"rendered":"<p>\u00c0 propos d\u2019Engelhard Nous aimons ce que nous faisons Depuis des g\u00e9n\u00e9rations, notre activit\u00e9 est guid\u00e9e par une passion profonde<\/p>\n","protected":false},"author":1,"featured_media":0,"parent":0,"menu_order":0,"comment_status":"closed","ping_status":"closed","template":"","meta":{"footnotes":""},"class_list":["post-27313","page","type-page","status-publish","hentry"],"yoast_head":"<!-- This site is optimized with the Yoast SEO plugin v26.5 - https:\/\/yoast.com\/wordpress\/plugins\/seo\/ -->\n<title>\u00c0 propos d\u2019Engelhard - prospanarabia.com<\/title>\n<meta name=\"robots\" content=\"index, follow, max-snippet:-1, max-image-preview:large, max-video-preview:-1\" \/>\n<link rel=\"canonical\" href=\"https:\/\/prospanarabia.com\/ku\/\u062f\u06d5\u0631\u0628\u0627\u0631\u06d5\u06cc-\u0626\u06cc\u0646\u06af\u06b5\u0647\u0627\u0631\u062f\/\" \/>\n<meta property=\"og:locale\" content=\"fr_FR\" \/>\n<meta property=\"og:type\" content=\"article\" \/>\n<meta property=\"og:title\" content=\"\u00c0 propos d\u2019Engelhard - prospanarabia.com\" \/>\n<meta property=\"og:description\" content=\"\u00c0 propos d\u2019Engelhard Nous aimons ce que nous faisons Depuis des g\u00e9n\u00e9rations, notre activit\u00e9 est guid\u00e9e par une passion profonde\" \/>\n<meta property=\"og:url\" content=\"https:\/\/prospanarabia.com\/ku\/\u062f\u06d5\u0631\u0628\u0627\u0631\u06d5\u06cc-\u0626\u06cc\u0646\u06af\u06b5\u0647\u0627\u0631\u062f\/\" \/>\n<meta property=\"og:site_name\" content=\"prospanarabia.com\" \/>\n<meta property=\"article:publisher\" content=\"https:\/\/www.facebook.com\/prospanarabia\" \/>\n<meta property=\"article:modified_time\" content=\"2025-09-07T13:51:40+00:00\" \/>\n<meta property=\"og:image\" content=\"https:\/\/prospanarabia.com\/wp-content\/uploads\/2024\/11\/49b96270b2b631e295f3ed8122e57d2d-scaled.jpg\" \/>\n\t<meta property=\"og:image:width\" content=\"2560\" \/>\n\t<meta property=\"og:image:height\" content=\"1676\" \/>\n\t<meta property=\"og:image:type\" content=\"image\/jpeg\" \/>\n<meta name=\"twitter:card\" content=\"summary_large_image\" \/>\n<meta name=\"twitter:label1\" content=\"Dur\u00e9e de lecture estim\u00e9e\" \/>\n\t<meta name=\"twitter:data1\" content=\"1 minute\" \/>\n<script type=\"application\/ld+json\" class=\"yoast-schema-graph\">{\"@context\":\"https:\/\/schema.org\",\"@graph\":[{\"@type\":\"WebPage\",\"@id\":\"https:\/\/prospanarabia.com\/ku\/%d8%af%db%95%d8%b1%d8%a8%d8%a7%d8%b1%db%95%db%8c-%d8%a6%db%8c%d9%86%da%af%da%b5%d9%87%d8%a7%d8%b1%d8%af\/\",\"url\":\"https:\/\/prospanarabia.com\/ku\/%d8%af%db%95%d8%b1%d8%a8%d8%a7%d8%b1%db%95%db%8c-%d8%a6%db%8c%d9%86%da%af%da%b5%d9%87%d8%a7%d8%b1%d8%af\/\",\"name\":\"\u00c0 propos d\u2019Engelhard - prospanarabia.com\",\"isPartOf\":{\"@id\":\"https:\/\/engelhard.tempurl.host\/#website\"},\"primaryImageOfPage\":{\"@id\":\"https:\/\/prospanarabia.com\/ku\/%d8%af%db%95%d8%b1%d8%a8%d8%a7%d8%b1%db%95%db%8c-%d8%a6%db%8c%d9%86%da%af%da%b5%d9%87%d8%a7%d8%b1%d8%af\/#primaryimage\"},\"image\":{\"@id\":\"https:\/\/prospanarabia.com\/ku\/%d8%af%db%95%d8%b1%d8%a8%d8%a7%d8%b1%db%95%db%8c-%d8%a6%db%8c%d9%86%da%af%da%b5%d9%87%d8%a7%d8%b1%d8%af\/#primaryimage\"},\"thumbnailUrl\":\"https:\/\/prospanarabia.com\/wp-content\/uploads\/2024\/11\/49b96270b2b631e295f3ed8122e57d2d-1222x800.jpg\",\"datePublished\":\"2024-11-05T07:23:59+00:00\",\"dateModified\":\"2025-09-07T13:51:40+00:00\",\"breadcrumb\":{\"@id\":\"https:\/\/prospanarabia.com\/ku\/%d8%af%db%95%d8%b1%d8%a8%d8%a7%d8%b1%db%95%db%8c-%d8%a6%db%8c%d9%86%da%af%da%b5%d9%87%d8%a7%d8%b1%d8%af\/#breadcrumb\"},\"inLanguage\":\"fr-FR\",\"potentialAction\":[{\"@type\":\"ReadAction\",\"target\":[\"https:\/\/prospanarabia.com\/ku\/%d8%af%db%95%d8%b1%d8%a8%d8%a7%d8%b1%db%95%db%8c-%d8%a6%db%8c%d9%86%da%af%da%b5%d9%87%d8%a7%d8%b1%d8%af\/\"]}]},{\"@type\":\"ImageObject\",\"inLanguage\":\"fr-FR\",\"@id\":\"https:\/\/prospanarabia.com\/ku\/%d8%af%db%95%d8%b1%d8%a8%d8%a7%d8%b1%db%95%db%8c-%d8%a6%db%8c%d9%86%da%af%da%b5%d9%87%d8%a7%d8%b1%d8%af\/#primaryimage\",\"url\":\"https:\/\/prospanarabia.com\/wp-content\/uploads\/2024\/11\/49b96270b2b631e295f3ed8122e57d2d-1222x800.jpg\",\"contentUrl\":\"https:\/\/prospanarabia.com\/wp-content\/uploads\/2024\/11\/49b96270b2b631e295f3ed8122e57d2d-1222x800.jpg\"},{\"@type\":\"BreadcrumbList\",\"@id\":\"https:\/\/prospanarabia.com\/ku\/%d8%af%db%95%d8%b1%d8%a8%d8%a7%d8%b1%db%95%db%8c-%d8%a6%db%8c%d9%86%da%af%da%b5%d9%87%d8%a7%d8%b1%d8%af\/#breadcrumb\",\"itemListElement\":[{\"@type\":\"ListItem\",\"position\":1,\"name\":\"Home\",\"item\":\"https:\/\/prospanarabia.com\/ku\/\"},{\"@type\":\"ListItem\",\"position\":2,\"name\":\"\u00c0 propos d\u2019Engelhard\"}]},{\"@type\":\"WebSite\",\"@id\":\"https:\/\/engelhard.tempurl.host\/#website\",\"url\":\"https:\/\/engelhard.tempurl.host\/\",\"name\":\"prospanarabia.com\",\"description\":\"\",\"publisher\":{\"@id\":\"https:\/\/engelhard.tempurl.host\/#organization\"},\"potentialAction\":[{\"@type\":\"SearchAction\",\"target\":{\"@type\":\"EntryPoint\",\"urlTemplate\":\"https:\/\/engelhard.tempurl.host\/?s={search_term_string}\"},\"query-input\":{\"@type\":\"PropertyValueSpecification\",\"valueRequired\":true,\"valueName\":\"search_term_string\"}}],\"inLanguage\":\"fr-FR\"},{\"@type\":\"Organization\",\"@id\":\"https:\/\/engelhard.tempurl.host\/#organization\",\"name\":\"prospan\",\"url\":\"https:\/\/engelhard.tempurl.host\/\",\"logo\":{\"@type\":\"ImageObject\",\"inLanguage\":\"fr-FR\",\"@id\":\"https:\/\/engelhard.tempurl.host\/#\/schema\/logo\/image\/\",\"url\":\"https:\/\/prospanarabia.com\/wp-content\/uploads\/2025\/07\/091-logo.png\",\"contentUrl\":\"https:\/\/prospanarabia.com\/wp-content\/uploads\/2025\/07\/091-logo.png\",\"width\":191,\"height\":53,\"caption\":\"prospan\"},\"image\":{\"@id\":\"https:\/\/engelhard.tempurl.host\/#\/schema\/logo\/image\/\"},\"sameAs\":[\"https:\/\/www.facebook.com\/prospanarabia\",\"https:\/\/www.instagram.com\/accounts\/login\/?next=prospanarabia&source=omni_redirect\",\"https:\/\/www.youtube.com\/@ProspanArabia\"]}]}<\/script>\n<!-- \/ Yoast SEO plugin. -->","yoast_head_json":{"title":"\u00c0 propos d\u2019Engelhard - prospanarabia.com","robots":{"index":"index","follow":"follow","max-snippet":"max-snippet:-1","max-image-preview":"max-image-preview:large","max-video-preview":"max-video-preview:-1"},"canonical":"https:\/\/prospanarabia.com\/ku\/\u062f\u06d5\u0631\u0628\u0627\u0631\u06d5\u06cc-\u0626\u06cc\u0646\u06af\u06b5\u0647\u0627\u0631\u062f\/","og_locale":"fr_FR","og_type":"article","og_title":"\u00c0 propos d\u2019Engelhard - prospanarabia.com","og_description":"\u00c0 propos d\u2019Engelhard Nous aimons ce que nous faisons Depuis des g\u00e9n\u00e9rations, notre activit\u00e9 est guid\u00e9e par une passion profonde","og_url":"https:\/\/prospanarabia.com\/ku\/\u062f\u06d5\u0631\u0628\u0627\u0631\u06d5\u06cc-\u0626\u06cc\u0646\u06af\u06b5\u0647\u0627\u0631\u062f\/","og_site_name":"prospanarabia.com","article_publisher":"https:\/\/www.facebook.com\/prospanarabia","article_modified_time":"2025-09-07T13:51:40+00:00","og_image":[{"width":2560,"height":1676,"url":"https:\/\/prospanarabia.com\/wp-content\/uploads\/2024\/11\/49b96270b2b631e295f3ed8122e57d2d-scaled.jpg","type":"image\/jpeg"}],"twitter_card":"summary_large_image","twitter_misc":{"Dur\u00e9e de lecture estim\u00e9e":"1 minute"},"schema":{"@context":"https:\/\/schema.org","@graph":[{"@type":"WebPage","@id":"https:\/\/prospanarabia.com\/ku\/%d8%af%db%95%d8%b1%d8%a8%d8%a7%d8%b1%db%95%db%8c-%d8%a6%db%8c%d9%86%da%af%da%b5%d9%87%d8%a7%d8%b1%d8%af\/","url":"https:\/\/prospanarabia.com\/ku\/%d8%af%db%95%d8%b1%d8%a8%d8%a7%d8%b1%db%95%db%8c-%d8%a6%db%8c%d9%86%da%af%da%b5%d9%87%d8%a7%d8%b1%d8%af\/","name":"\u00c0 propos d\u2019Engelhard - prospanarabia.com","isPartOf":{"@id":"https:\/\/engelhard.tempurl.host\/#website"},"primaryImageOfPage":{"@id":"https:\/\/prospanarabia.com\/ku\/%d8%af%db%95%d8%b1%d8%a8%d8%a7%d8%b1%db%95%db%8c-%d8%a6%db%8c%d9%86%da%af%da%b5%d9%87%d8%a7%d8%b1%d8%af\/#primaryimage"},"image":{"@id":"https:\/\/prospanarabia.com\/ku\/%d8%af%db%95%d8%b1%d8%a8%d8%a7%d8%b1%db%95%db%8c-%d8%a6%db%8c%d9%86%da%af%da%b5%d9%87%d8%a7%d8%b1%d8%af\/#primaryimage"},"thumbnailUrl":"https:\/\/prospanarabia.com\/wp-content\/uploads\/2024\/11\/49b96270b2b631e295f3ed8122e57d2d-1222x800.jpg","datePublished":"2024-11-05T07:23:59+00:00","dateModified":"2025-09-07T13:51:40+00:00","breadcrumb":{"@id":"https:\/\/prospanarabia.com\/ku\/%d8%af%db%95%d8%b1%d8%a8%d8%a7%d8%b1%db%95%db%8c-%d8%a6%db%8c%d9%86%da%af%da%b5%d9%87%d8%a7%d8%b1%d8%af\/#breadcrumb"},"inLanguage":"fr-FR","potentialAction":[{"@type":"ReadAction","target":["https:\/\/prospanarabia.com\/ku\/%d8%af%db%95%d8%b1%d8%a8%d8%a7%d8%b1%db%95%db%8c-%d8%a6%db%8c%d9%86%da%af%da%b5%d9%87%d8%a7%d8%b1%d8%af\/"]}]},{"@type":"ImageObject","inLanguage":"fr-FR","@id":"https:\/\/prospanarabia.com\/ku\/%d8%af%db%95%d8%b1%d8%a8%d8%a7%d8%b1%db%95%db%8c-%d8%a6%db%8c%d9%86%da%af%da%b5%d9%87%d8%a7%d8%b1%d8%af\/#primaryimage","url":"https:\/\/prospanarabia.com\/wp-content\/uploads\/2024\/11\/49b96270b2b631e295f3ed8122e57d2d-1222x800.jpg","contentUrl":"https:\/\/prospanarabia.com\/wp-content\/uploads\/2024\/11\/49b96270b2b631e295f3ed8122e57d2d-1222x800.jpg"},{"@type":"BreadcrumbList","@id":"https:\/\/prospanarabia.com\/ku\/%d8%af%db%95%d8%b1%d8%a8%d8%a7%d8%b1%db%95%db%8c-%d8%a6%db%8c%d9%86%da%af%da%b5%d9%87%d8%a7%d8%b1%d8%af\/#breadcrumb","itemListElement":[{"@type":"ListItem","position":1,"name":"Home","item":"https:\/\/prospanarabia.com\/ku\/"},{"@type":"ListItem","position":2,"name":"\u00c0 propos d\u2019Engelhard"}]},{"@type":"WebSite","@id":"https:\/\/engelhard.tempurl.host\/#website","url":"https:\/\/engelhard.tempurl.host\/","name":"prospanarabia.com","description":"","publisher":{"@id":"https:\/\/engelhard.tempurl.host\/#organization"},"potentialAction":[{"@type":"SearchAction","target":{"@type":"EntryPoint","urlTemplate":"https:\/\/engelhard.tempurl.host\/?s={search_term_string}"},"query-input":{"@type":"PropertyValueSpecification","valueRequired":true,"valueName":"search_term_string"}}],"inLanguage":"fr-FR"},{"@type":"Organization","@id":"https:\/\/engelhard.tempurl.host\/#organization","name":"prospan","url":"https:\/\/engelhard.tempurl.host\/","logo":{"@type":"ImageObject","inLanguage":"fr-FR","@id":"https:\/\/engelhard.tempurl.host\/#\/schema\/logo\/image\/","url":"https:\/\/prospanarabia.com\/wp-content\/uploads\/2025\/07\/091-logo.png","contentUrl":"https:\/\/prospanarabia.com\/wp-content\/uploads\/2025\/07\/091-logo.png","width":191,"height":53,"caption":"prospan"},"image":{"@id":"https:\/\/engelhard.tempurl.host\/#\/schema\/logo\/image\/"},"sameAs":["https:\/\/www.facebook.com\/prospanarabia","https:\/\/www.instagram.com\/accounts\/login\/?next=prospanarabia&source=omni_redirect","https:\/\/www.youtube.com\/@ProspanArabia"]}]}},"acf":[],"_links":{"self":[{"href":"https:\/\/prospanarabia.com\/fr\/wp-json\/wp\/v2\/pages\/27313","targetHints":{"allow":["GET"]}}],"collection":[{"href":"https:\/\/prospanarabia.com\/fr\/wp-json\/wp\/v2\/pages"}],"about":[{"href":"https:\/\/prospanarabia.com\/fr\/wp-json\/wp\/v2\/types\/page"}],"author":[{"embeddable":true,"href":"https:\/\/prospanarabia.com\/fr\/wp-json\/wp\/v2\/users\/1"}],"replies":[{"embeddable":true,"href":"https:\/\/prospanarabia.com\/fr\/wp-json\/wp\/v2\/comments?post=27313"}],"version-history":[{"count":0,"href":"https:\/\/prospanarabia.com\/fr\/wp-json\/wp\/v2\/pages\/27313\/revisions"}],"wp:attachment":[{"href":"https:\/\/prospanarabia.com\/fr\/wp-json\/wp\/v2\/media?parent=27313"}],"curies":[{"name":"wp","href":"https:\/\/api.w.org\/{rel}","templated":true}]}}